{"id":73613,"date":"2025-03-24T08:00:52","date_gmt":"2025-03-24T08:00:52","guid":{"rendered":"https:\/\/ovagenesis.eu\/termini-e-condizioni\/"},"modified":"2025-03-24T08:19:52","modified_gmt":"2025-03-24T08:19:52","slug":"termini-e-condizioni","status":"publish","type":"page","link":"https:\/\/ovagenesis.dope.studio\/it\/termini-e-condizioni\/","title":{"rendered":"Termini e condizioni"},"content":{"rendered":"<style>.elementor-73613 .elementor-element.elementor-element-2b5fef9 .trx_addons_bg_text{z-index:0;}.elementor-73613 .elementor-element.elementor-element-2b5fef9 .trx_addons_bg_text.trx_addons_marquee_wrap:not(.trx_addons_marquee_reverse) .trx_addons_marquee_element{padding-right:50px;}.elementor-73613 .elementor-element.elementor-element-2b5fef9 .trx_addons_bg_text.trx_addons_marquee_wrap.trx_addons_marquee_reverse .trx_addons_marquee_element{padding-left:50px;}.elementor-73613 .elementor-element.elementor-element-22893e1 .sc_layouts_title{min-height:0px;}.elementor-73613 .elementor-element.elementor-element-22893e1 > .elementor-widget-container{padding:0px 0px 60px 0px;}.elementor-73613 .elementor-element.elementor-element-8faff76 .trx_addons_bg_text{z-index:0;}.elementor-73613 .elementor-element.elementor-element-8faff76 .trx_addons_bg_text.trx_addons_marquee_wrap:not(.trx_addons_marquee_reverse) .trx_addons_marquee_element{padding-right:50px;}.elementor-73613 .elementor-element.elementor-element-8faff76 .trx_addons_bg_text.trx_addons_marquee_wrap.trx_addons_marquee_reverse .trx_addons_marquee_element{padding-left:50px;}<\/style>\t\t<div data-elementor-type=\"wp-page\" data-elementor-id=\"73613\" class=\"elementor elementor-73613 elementor-73605\">\n\t\t\t\t\t\t<section class=\"elementor-section elementor-top-section elementor-element elementor-element-2b5fef9 elementor-section-boxed elementor-section-height-default elementor-section-height-default sc_fly_static\" data-id=\"2b5fef9\" data-element_type=\"section\" data-e-type=\"section\">\n\t\t\t\t\t\t<div class=\"elementor-container elementor-column-gap-extended\">\n\t\t\t\t\t<div class=\"elementor-column elementor-col-100 elementor-top-column elementor-element elementor-element-46717e4 sc_content_align_inherit sc_layouts_column_icons_position_left sc_fly_static\" data-id=\"46717e4\" data-element_type=\"column\" data-e-type=\"column\">\n\t\t\t<div class=\"elementor-widget-wrap elementor-element-populated\">\n\t\t\t\t\t\t<div class=\"elementor-element elementor-element-22893e1 sc_fly_static elementor-widget elementor-widget-trx_sc_layouts_title\" data-id=\"22893e1\" data-element_type=\"widget\" data-e-type=\"widget\" data-widget_type=\"trx_sc_layouts_title.default\">\n\t\t\t\t<div class=\"elementor-widget-container\">\n\t\t\t\t\t<div class=\"sc_layouts_title sc_align_left with_content without_image without_tint\" ><div class=\"sc_layouts_title_content\"><div class=\"sc_layouts_title_title\"><h1 class=\"sc_layouts_title_caption\">Termini e condizioni<\/h1><\/div><div class=\"sc_layouts_title_breadcrumbs\"><div class=\"breadcrumbs\"><a class=\"breadcrumbs_item home\" href=\"https:\/\/ovagenesis.dope.studio\/it\/\">Home<\/a><span class=\"breadcrumbs_delimiter\"><\/span><span class=\"breadcrumbs_item current\">Termini e condizioni<\/span><\/div><\/div><\/div><\/div>\t\t\t\t<\/div>\n\t\t\t\t<\/div>\n\t\t\t\t\t<\/div>\n\t\t<\/div>\n\t\t\t\t\t<\/div>\n\t\t<\/section>\n\t\t\t\t<section class=\"elementor-section elementor-top-section elementor-element elementor-element-8faff76 elementor-section-boxed elementor-section-height-default elementor-section-height-default sc_fly_static\" data-id=\"8faff76\" data-element_type=\"section\" data-e-type=\"section\">\n\t\t\t\t\t\t<div class=\"elementor-container elementor-column-gap-extended\">\n\t\t\t\t\t<div class=\"elementor-column elementor-col-100 elementor-top-column elementor-element elementor-element-7690d31 sc_content_align_inherit sc_layouts_column_icons_position_left sc_fly_static\" data-id=\"7690d31\" data-element_type=\"column\" data-e-type=\"column\">\n\t\t\t<div class=\"elementor-widget-wrap elementor-element-populated\">\n\t\t\t\t\t\t<div class=\"elementor-element elementor-element-16e5dbb sc_fly_static elementor-widget elementor-widget-text-editor\" data-id=\"16e5dbb\" data-element_type=\"widget\" data-e-type=\"widget\" data-widget_type=\"text-editor.default\">\n\t\t\t\t<div class=\"elementor-widget-container\">\n\t\t\t\t\t\t\t\t\t<p>In vigore dal 25 maggio 2018<\/p><p>Il presente sito web <a href=\"http:\/\/www.ovagenesis.eu\/\">www.ovagenesis.eu<\/a> (di seguito &#8220;il nostro sito web&#8221;) appartiene <strong>a Garavelas Medical Group I.K.E.<\/strong> (di seguito &#8220;Ovagenesis&#8221; o &#8220;noi&#8221;).<\/p><p>Attraverso un&#8217;infrastruttura online avanzata e software open source e proprietario, il nostro sito web pu\u00f2 fornire servizi, ovvero informazioni, ricerca, navigazione, visualizzazione e utilizzo di informazioni, social networking, comunicazione e informazione, nonch\u00e9 applicazioni tecnologiche relative al nostro sito web. Questi servizi e applicazioni sono disponibili per tutti (di seguito &#8220;utente&#8221; o &#8220;visitatore&#8221; o &#8220;voi&#8221;) in conformit\u00e0 con i seguenti termini di utilizzo. L&#8217;uso o la visita del nostro sito web implica l&#8217;accettazione incondizionata dei termini di utilizzo descritti nel presente documento. La navigazione e la continuazione dell&#8217;uso del nostro sito web, cos\u00ec come l&#8217;archiviazione e l&#8217;indicizzazione dello stesso, indicano l&#8217;accettazione dei seguenti termini di utilizzo.<\/p><h4>Propriet\u00e0 intellettuale<\/h4><p>L&#8217;intero contenuto del nostro sito web, ad eccezione dei diritti protetti di terzi, \u00e8 di nostra propriet\u00e0 intellettuale ed \u00e8 protetto dalle disposizioni della legislazione nazionale e comunitaria, nonch\u00e9 dalle relative convenzioni e trattati internazionali. Il contenuto e i servizi del nostro sito web sono destinati esclusivamente all&#8217;uso personale degli utenti. \u00c8 vietato il loro utilizzo o la loro trasmissione su qualsiasi mezzo, con o senza modifica, senza il previo consenso scritto dell&#8217;editore. \u00c8 inoltre vietato qualsiasi tipo di sfruttamento commerciale da parte di terzi. Eccezioni possono essere fatte solo per la copia o la stampa a fini di studio e analisi esclusivamente da parte dell&#8217;utente del nostro sito web, a condizione che tali informazioni non vengano modificate, alterate o utilizzate in modo fuorviante dall&#8217;utente del sito web.<\/p><h4>Limitazione di responsabilit\u00e0<\/h4><p><strong>Ovagenesis<\/strong> mira a fornire sul nostro sito web informazioni complete, accurate e aggiornate. Inoltre, fornisce il contenuto (ad es. informazioni, nomi, fotografie, immagini, dati, ecc.) e i servizi disponibili sul sito web &#8220;ESATTAMENTE COME SONO&#8221;. In nessun caso Ovagenesis sar\u00e0 responsabile per eventuali richieste di natura legale, civile o penale, n\u00e9 per eventuali danni (accidentali, speciali o consequenziali) subiti dagli utenti del nostro sito web.<br \/><strong>Ovagenesis<\/strong> si impegna a garantire il corretto funzionamento della rete, ma non garantisce che le funzioni del server saranno ininterrotte o prive di errori, n\u00e9 che saranno esenti da virus, malware o altri elementi dannosi.<\/p><p>Data la natura di Internet, Ovagenesis non \u00e8 in alcun caso responsabile per eventuali danni di qualsiasi tipo subiti dagli utenti dei siti web, dei servizi, delle opzioni e dei contenuti del nostro sito web. Inoltre, non garantisce che qualsiasi sito web collegato o i server che ospitano qualsiasi servizio correlato per gli utenti siano privi di &#8220;virus&#8221; o software dannoso simile, n\u00e9 garantisce che i contenuti, i siti web, i servizi, le opzioni o i loro risultati siano accurati, completi o disponibili.<\/p><h4>Uso del sito web<\/h4><p>Il presente sito web deve essere utilizzato esclusivamente per scopi leciti e in modo da non limitare o impedire l&#8217;uso da parte di terzi. Gli utenti sono tenuti a utilizzare il nostro sito web in conformit\u00e0 con la legge e con i presenti termini di utilizzo. Gli utenti del nostro sito web non devono compiere azioni o omissioni che possano causare guasti o malfunzionamenti e influenzare o mettere a rischio i servizi che il nostro sito web fornisce agli utenti.<\/p><h4>Comunicazioni degli utenti<\/h4><p>Il presente sito web pu\u00f2 contenere moduli di contatto, bacheche e aree interattive e di social networking. L&#8217;uso di queste funzionalit\u00e0 implica che gli utenti siano esclusivamente responsabili delle proprie comunicazioni e delle conseguenze delle loro pubblicazioni. <strong>Ovagenesis<\/strong> non \u00e8 responsabile per l&#8217;accuratezza, l&#8217;affidabilit\u00e0 o la validit\u00e0 del materiale pubblicato nelle aree interattive, n\u00e9 per le conseguenze delle comunicazioni effettuate nelle aree interattive, n\u00e9 per le conseguenze dell&#8217;uso del sito web. In nessun caso si considera che <strong>Ovagenesis<\/strong> accetti o approvi idee, opinioni e azioni espresse dagli utenti nelle loro comunicazioni. <strong>Ovagenesis<\/strong> pu\u00f2 controllare, modificare o persino eliminare il contenuto delle comunicazioni degli utenti.<\/p><h5><strong>Collegamenti esterni <\/strong><\/h5><p>Il presente sito web pu\u00f2 contenere collegamenti a siti web di terze parti con il solo scopo di informare gli utenti. I collegamenti a siti web di terze parti non implicano che il nostro sito web adotti le opinioni e le azioni di tali siti o accetti il contenuto che producono, pubblicano o caricano. Le terze parti &#8211; come autorit\u00e0 responsabili dei loro siti web secondo la legge &#8211; sono esclusivamente responsabili per il contenuto dei loro siti web o per eventuali danni derivanti dall&#8217;uso degli stessi, quando gli utenti del nostro sito web vi accedono. Gli utenti accettano che quando visitano i siti web di terze parti, escono dal nostro sito web e sono soggetti ai termini di utilizzo dei siti web di terze parti.<\/p><h4>Termini e condizioni d&#8217;uso<\/h4><p><strong>Ovagenesis<\/strong> si riserva unilateralmente il diritto di modificare, aggiungere e modificare il contenuto o i servizi del sito web, nonch\u00e9 i termini d&#8217;uso, ogni volta che lo ritiene necessario, senza preavviso, tramite il nostro sito web, sempre in conformit\u00e0 con il quadro giuridico esistente o nuovo.<\/p><p>I termini e le condizioni d&#8217;uso del nostro sito web costituiscono l&#8217;accordo completo tra <strong>Ovagenesis<\/strong> e gli utenti dei siti web e dei servizi e vincolano solo le parti coinvolte. Eventuali modifiche ai presenti termini d&#8217;uso non sono prese in considerazione e non fanno parte del presente accordo, a meno che non siano dichiarate per iscritto e integrate nei presenti termini d&#8217;uso. Salvo diversa indicazione, i suddetti termini d&#8217;uso sono immediatamente applicabili sul nostro sito web.<\/p><h4>Legge applicabile &#8211; Giurisdizione<\/h4><p>Il presente accordo \u00e8 regolato e interpretato secondo le leggi della Grecia, senza tener conto delle disposizioni sui conflitti di legge. Qualsiasi causa che sorga o sia correlata al presente accordo sar\u00e0 trattata esclusivamente dal tribunale di Atene, e ciascuna parte contraente consente con la presente alla giurisdizione di tale tribunale. Se per qualsiasi motivo una clausola \u00e8 considerata invalida o non esecutiva, la validit\u00e0 degli altri termini del presente accordo non sar\u00e0 in alcun caso influenzata.<\/p>\t\t\t\t\t\t\t\t<\/div>\n\t\t\t\t<\/div>\n\t\t\t\t\t<\/div>\n\t\t<\/div>\n\t\t\t\t\t<\/div>\n\t\t<\/section>\n\t\t\t\t<\/div>\n\t\t","protected":false},"excerpt":{"rendered":"<p>Page (post) title HomePage (post) title In vigore dal 25 maggio 2018 Il presente sito web www.ovagenesis.eu (di seguito &#8220;il nostro sito web&#8221;) appartiene a Garavelas Medical Group I.K.E. (di&hellip;<\/p>\n","protected":false},"author":1,"featured_media":0,"parent":0,"menu_order":0,"comment_status":"closed","ping_status":"closed","template":"","meta":{"footnotes":""},"class_list":["post-73613","page","type-page","status-publish","hentry"],"yoast_head":"<!-- This site is optimized with the Yoast SEO Premium plugin v26.4 (Yoast SEO v26.9) - https:\/\/yoast.com\/product\/yoast-seo-premium-wordpress\/ -->\n<title>Termini e condizioni - OVAGENESIS<\/title>\n<meta name=\"robots\" content=\"index, follow, max-snippet:-1, max-image-preview:large, max-video-preview:-1\" \/>\n<link rel=\"canonical\" href=\"https:\/\/ovagenesis.dope.studio\/it\/termini-e-condizioni\/\" \/>\n<meta property=\"og:locale\" content=\"it_IT\" \/>\n<meta property=\"og:type\" content=\"article\" \/>\n<meta property=\"og:title\" content=\"Termini e condizioni\" \/>\n<meta property=\"og:description\" content=\"Page (post) title HomePage (post) title In vigore dal 25 maggio 2018 Il presente sito web www.ovagenesis.eu (di seguito &#8220;il nostro sito web&#8221;) appartiene a Garavelas Medical Group I.K.E. (di&hellip;\" \/>\n<meta property=\"og:url\" content=\"https:\/\/ovagenesis.dope.studio\/it\/termini-e-condizioni\/\" \/>\n<meta property=\"og:site_name\" content=\"OVAGENESIS\" \/>\n<meta property=\"article:publisher\" content=\"https:\/\/www.facebook.com\/Dr.Garavelas.IVF?locale=el_GR\" \/>\n<meta property=\"article:modified_time\" content=\"2025-03-24T08:19:52+00:00\" \/>\n<meta property=\"og:image\" content=\"https:\/\/ovagenesis.dope.studio\/wp-content\/uploads\/2024\/10\/ovagenesis-logo-1-e1752576637619.png\" \/>\n\t<meta property=\"og:image:width\" content=\"1274\" \/>\n\t<meta property=\"og:image:height\" content=\"323\" \/>\n\t<meta property=\"og:image:type\" content=\"image\/png\" \/>\n<meta name=\"twitter:card\" content=\"summary_large_image\" \/>\n<script type=\"application\/ld+json\" class=\"yoast-schema-graph\">{\"@context\":\"https:\/\/schema.org\",\"@graph\":[{\"@type\":\"WebPage\",\"@id\":\"https:\/\/ovagenesis.dope.studio\/it\/termini-e-condizioni\/\",\"url\":\"https:\/\/ovagenesis.dope.studio\/it\/termini-e-condizioni\/\",\"name\":\"Termini e condizioni - OVAGENESIS\",\"isPartOf\":{\"@id\":\"https:\/\/ovagenesis.dope.studio\/it\/#website\"},\"datePublished\":\"2025-03-24T08:00:52+00:00\",\"dateModified\":\"2025-03-24T08:19:52+00:00\",\"breadcrumb\":{\"@id\":\"https:\/\/ovagenesis.dope.studio\/it\/termini-e-condizioni\/#breadcrumb\"},\"inLanguage\":\"it-IT\",\"potentialAction\":[{\"@type\":\"ReadAction\",\"target\":[\"https:\/\/ovagenesis.dope.studio\/it\/termini-e-condizioni\/\"]}]},{\"@type\":\"BreadcrumbList\",\"@id\":\"https:\/\/ovagenesis.dope.studio\/it\/termini-e-condizioni\/#breadcrumb\",\"itemListElement\":[{\"@type\":\"ListItem\",\"position\":1,\"name\":\"\u0391\u03c1\u03c7\u03b9\u03ba\u03ae\",\"item\":\"https:\/\/ovagenesis.dope.studio\/it\/\"},{\"@type\":\"ListItem\",\"position\":2,\"name\":\"Termini e condizioni\"}]},{\"@type\":\"WebSite\",\"@id\":\"https:\/\/ovagenesis.dope.studio\/it\/#website\",\"url\":\"https:\/\/ovagenesis.dope.studio\/it\/\",\"name\":\"OVAGENESIS\",\"description\":\"Fertility Clinic\",\"publisher\":{\"@id\":\"https:\/\/ovagenesis.dope.studio\/it\/#organization\"},\"potentialAction\":[{\"@type\":\"SearchAction\",\"target\":{\"@type\":\"EntryPoint\",\"urlTemplate\":\"https:\/\/ovagenesis.dope.studio\/it\/?s={search_term_string}\"},\"query-input\":{\"@type\":\"PropertyValueSpecification\",\"valueRequired\":true,\"valueName\":\"search_term_string\"}}],\"inLanguage\":\"it-IT\"},{\"@type\":\"Organization\",\"@id\":\"https:\/\/ovagenesis.dope.studio\/it\/#organization\",\"name\":\"OVAGENESIS\",\"url\":\"https:\/\/ovagenesis.dope.studio\/it\/\",\"logo\":{\"@type\":\"ImageObject\",\"inLanguage\":\"it-IT\",\"@id\":\"https:\/\/ovagenesis.dope.studio\/it\/#\/schema\/logo\/image\/\",\"url\":\"https:\/\/ovagenesis.dope.studio\/wp-content\/uploads\/2024\/10\/ovagenesis-logo-1-e1752576637619.png\",\"contentUrl\":\"https:\/\/ovagenesis.dope.studio\/wp-content\/uploads\/2024\/10\/ovagenesis-logo-1-e1752576637619.png\",\"width\":1920,\"height\":1080,\"caption\":\"OVAGENESIS\"},\"image\":{\"@id\":\"https:\/\/ovagenesis.dope.studio\/it\/#\/schema\/logo\/image\/\"},\"sameAs\":[\"https:\/\/www.facebook.com\/Dr.Garavelas.IVF?locale=el_GR\",\"https:\/\/www.instagram.com\/dr.garavelas_fertility_ivf\/\",\"https:\/\/www.linkedin.com\/in\/dr-athanasios-garavelas-74609a94\/\",\"https:\/\/www.youtube.com\/@Ovagenesis\"],\"email\":\"contact@ovagenesis.eu\",\"telephone\":\"+0 210 67100 20\"}]}<\/script>\n<!-- \/ Yoast SEO Premium plugin. -->","yoast_head_json":{"title":"Termini e condizioni - OVAGENESIS","robots":{"index":"index","follow":"follow","max-snippet":"max-snippet:-1","max-image-preview":"max-image-preview:large","max-video-preview":"max-video-preview:-1"},"canonical":"https:\/\/ovagenesis.dope.studio\/it\/termini-e-condizioni\/","og_locale":"it_IT","og_type":"article","og_title":"Termini e condizioni","og_description":"Page (post) title HomePage (post) title In vigore dal 25 maggio 2018 Il presente sito web www.ovagenesis.eu (di seguito &#8220;il nostro sito web&#8221;) appartiene a Garavelas Medical Group I.K.E. (di&hellip;","og_url":"https:\/\/ovagenesis.dope.studio\/it\/termini-e-condizioni\/","og_site_name":"OVAGENESIS","article_publisher":"https:\/\/www.facebook.com\/Dr.Garavelas.IVF?locale=el_GR","article_modified_time":"2025-03-24T08:19:52+00:00","og_image":[{"width":1274,"height":323,"url":"https:\/\/ovagenesis.dope.studio\/wp-content\/uploads\/2024\/10\/ovagenesis-logo-1-e1752576637619.png","type":"image\/png"}],"twitter_card":"summary_large_image","schema":{"@context":"https:\/\/schema.org","@graph":[{"@type":"WebPage","@id":"https:\/\/ovagenesis.dope.studio\/it\/termini-e-condizioni\/","url":"https:\/\/ovagenesis.dope.studio\/it\/termini-e-condizioni\/","name":"Termini e condizioni - OVAGENESIS","isPartOf":{"@id":"https:\/\/ovagenesis.dope.studio\/it\/#website"},"datePublished":"2025-03-24T08:00:52+00:00","dateModified":"2025-03-24T08:19:52+00:00","breadcrumb":{"@id":"https:\/\/ovagenesis.dope.studio\/it\/termini-e-condizioni\/#breadcrumb"},"inLanguage":"it-IT","potentialAction":[{"@type":"ReadAction","target":["https:\/\/ovagenesis.dope.studio\/it\/termini-e-condizioni\/"]}]},{"@type":"BreadcrumbList","@id":"https:\/\/ovagenesis.dope.studio\/it\/termini-e-condizioni\/#breadcrumb","itemListElement":[{"@type":"ListItem","position":1,"name":"\u0391\u03c1\u03c7\u03b9\u03ba\u03ae","item":"https:\/\/ovagenesis.dope.studio\/it\/"},{"@type":"ListItem","position":2,"name":"Termini e condizioni"}]},{"@type":"WebSite","@id":"https:\/\/ovagenesis.dope.studio\/it\/#website","url":"https:\/\/ovagenesis.dope.studio\/it\/","name":"OVAGENESIS","description":"Fertility Clinic","publisher":{"@id":"https:\/\/ovagenesis.dope.studio\/it\/#organization"},"potentialAction":[{"@type":"SearchAction","target":{"@type":"EntryPoint","urlTemplate":"https:\/\/ovagenesis.dope.studio\/it\/?s={search_term_string}"},"query-input":{"@type":"PropertyValueSpecification","valueRequired":true,"valueName":"search_term_string"}}],"inLanguage":"it-IT"},{"@type":"Organization","@id":"https:\/\/ovagenesis.dope.studio\/it\/#organization","name":"OVAGENESIS","url":"https:\/\/ovagenesis.dope.studio\/it\/","logo":{"@type":"ImageObject","inLanguage":"it-IT","@id":"https:\/\/ovagenesis.dope.studio\/it\/#\/schema\/logo\/image\/","url":"https:\/\/ovagenesis.dope.studio\/wp-content\/uploads\/2024\/10\/ovagenesis-logo-1-e1752576637619.png","contentUrl":"https:\/\/ovagenesis.dope.studio\/wp-content\/uploads\/2024\/10\/ovagenesis-logo-1-e1752576637619.png","width":1920,"height":1080,"caption":"OVAGENESIS"},"image":{"@id":"https:\/\/ovagenesis.dope.studio\/it\/#\/schema\/logo\/image\/"},"sameAs":["https:\/\/www.facebook.com\/Dr.Garavelas.IVF?locale=el_GR","https:\/\/www.instagram.com\/dr.garavelas_fertility_ivf\/","https:\/\/www.linkedin.com\/in\/dr-athanasios-garavelas-74609a94\/","https:\/\/www.youtube.com\/@Ovagenesis"],"email":"contact@ovagenesis.eu","telephone":"+0 210 67100 20"}]}},"_links":{"self":[{"href":"https:\/\/ovagenesis.dope.studio\/it\/wp-json\/wp\/v2\/pages\/73613","targetHints":{"allow":["GET"]}}],"collection":[{"href":"https:\/\/ovagenesis.dope.studio\/it\/wp-json\/wp\/v2\/pages"}],"about":[{"href":"https:\/\/ovagenesis.dope.studio\/it\/wp-json\/wp\/v2\/types\/page"}],"author":[{"embeddable":true,"href":"https:\/\/ovagenesis.dope.studio\/it\/wp-json\/wp\/v2\/users\/1"}],"replies":[{"embeddable":true,"href":"https:\/\/ovagenesis.dope.studio\/it\/wp-json\/wp\/v2\/comments?post=73613"}],"version-history":[{"count":0,"href":"https:\/\/ovagenesis.dope.studio\/it\/wp-json\/wp\/v2\/pages\/73613\/revisions"}],"wp:attachment":[{"href":"https:\/\/ovagenesis.dope.studio\/it\/wp-json\/wp\/v2\/media?parent=73613"}],"curies":[{"name":"wp","href":"https:\/\/api.w.org\/{rel}","templated":true}]}}